{"id":3334,"date":"2025-05-28T16:52:53","date_gmt":"2025-05-28T16:52:53","guid":{"rendered":"https:\/\/gbplace.co\/?page_id=3334"},"modified":"2025-07-24T15:31:15","modified_gmt":"2025-07-24T15:31:15","slug":"progettazione-spazi-di-interni","status":"publish","type":"page","link":"https:\/\/gbplace.co\/it\/progettazione-spazi-di-interni\/","title":{"rendered":"Interior &#038; Spatial Design"},"content":{"rendered":"<p>Progettazione spazi di interni<\/p>\n<h1>Progettazione spazi di interni<\/h1>\n<p>Creiamo interni che fondono funzionalit\u00e0, atmosfera e identit\u00e0.<\/p>\n<p><a href=\"https:\/\/bevilacquaarchitects.com\" target=\"_blank\" rel=\"noopener\">Il nostro<\/a> servizio di <b>interior and spatial design<\/b> crea ambienti che elevano l&#8217;esperienza quotidiana. Crediamo che un interno debba essere pi\u00f9 che bello. <b>Infatti,<\/b> deve essere profondamente funzionale e riflettere l&#8217;identit\u00e0 unica di chi lo abita. <b>Per questo,<\/b> il nostro approccio \u00e8 olistico. Progettiamo spazi per migliorare il flusso ed evocare emozioni specifiche. <b>Il nostro obiettivo \u00e8<\/b> farli percepire come pratici e personali fin dal primo momento.<\/p>\n<h3><b>Gli Elementi della Nostra Filosofia di Design<\/b><\/h3>\n<p>Costruiamo il nostro processo di design su un profondo rispetto per gli elementi che creano uno spazio coeso. Noi non decoriamo semplicemente; noi componiamo.<\/p>\n<ul>\n<li><b>Luce e Ombra:<\/b> <b>Prima di tutto,<\/b> modelliamo e sfruttiamo la luce, sia naturale che artificiale. La usiamo per definire l&#8217;atmosfera, evidenziare le caratteristiche architettoniche e creare un senso di benessere.<\/li>\n<li><b>Materiali e Texture:<\/b> <b>Inoltre,<\/b> selezioniamo con cura i materiali non solo per la loro estetica, ma anche per le loro qualit\u00e0 tattili, la durabilit\u00e0 e la sostenibilit\u00e0. <b>Di fatto,<\/b> l&#8217;interazione tra diverse texture \u00e8 la chiave per un&#8217;esperienza sensoriale ricca.<\/li>\n<li><b>Proporzioni e Flusso:<\/b> <b>Infine,<\/b> ci concentriamo su una pianificazione intelligente degli spazi. Ci assicuriamo che ogni elemento d&#8217;arredo sia perfettamente proporzionato. Garantiamo anche che il flusso all&#8217;interno dello spazio sia intuitivo, comodo e naturale.<\/li>\n<\/ul>\n<h3><b>I Nostri Servizi di Progettazione spazi di interni<\/b><\/h3>\n<p>Applichiamo la nostra filosofia di design a diverse tipologie di progetto. Adattiamo sempre il nostro approccio al contesto e agli obiettivi specifici dei nostri clienti. I nostri servizi includono:<\/p>\n<ul>\n<li><b>Interni Residenziali:<\/b> Progettiamo appartamenti, ville e case private come santuari personali. <b>In definitiva,<\/b> il nostro obiettivo \u00e8 creare spazi abitativi che siano un riflesso autentico dello stile di vita dei nostri clienti.<\/li>\n<li><b>Spazi Commerciali e Retail:<\/b> <b>In aggiunta,<\/b> creiamo ambienti di marca per boutique, uffici creativi e showroom. Ci concentriamo sulla progettazione di un potente &#8220;customer journey&#8221; che rafforzi l&#8217;identit\u00e0 del brand.<\/li>\n<li><b>Ambienti Hospitality:<\/b> Siamo anche specializzati nella progettazione di interni per boutique hotel, ristoranti e bar, dove creare un&#8217;atmosfera unica e un&#8217;esperienza memorabile per gli ospiti \u00e8 fondamentale.<\/li>\n<\/ul>\n<p>Che si tratti di arredare una nuova casa o di reimmaginare uno <a href=\"https:\/\/gbplace.co\/it\/spazio-mala\/\" target=\"_blank\" rel=\"noopener\">spazio<\/a> commerciale, il nostro team si impegna a creare un interno che sia perfetto a ogni livello. Lavoriamo insieme per dare forma a uno spazio in cui amerai stare.<\/p>\n<p><img loading=\"lazy\" decoding=\"async\" class=\"alignnone wp-image-2189\" src=\"https:\/\/gbplace.co\/wp-content\/uploads\/2025\/06\/cropped-GBP_U_Social-300x300.png\" alt=\"Progettazione spazi di interni\" width=\"111\" height=\"111\" \/><\/p>\n","protected":false},"excerpt":{"rendered":"<p>Progettazione spazi di interni Progettazione spazi di interni Creiamo interni che fondono funzionalit\u00e0, atmosfera e identit\u00e0. Il nostro servizio di interior and spatial design crea ambienti che elevano l&#8217;esperienza quotidiana. Crediamo che un interno debba essere pi\u00f9 che bello. Infatti, deve essere profondamente funzionale e riflettere l&#8217;identit\u00e0 unica di chi lo abita. Per questo, il [&hellip;]<\/p>\n","protected":false},"author":1,"featured_media":0,"parent":0,"menu_order":36,"comment_status":"closed","ping_status":"closed","template":"","meta":{"inline_featured_image":false,"footnotes":""},"difl_page_category":[],"class_list":["post-3334","page","type-page","status-publish","hentry"],"yoast_head":"<!-- This site is optimized with the Yoast SEO plugin v27.3 - https:\/\/yoast.com\/product\/yoast-seo-wordpress\/ -->\n<title>Progettazione spazi di interni | Spazi Funzionali | GBPLACE<\/title>\n<meta name=\"description\" content=\"Il nostro servizio di Progettazione spazi di interni crea ambienti belli e funzionali. Diamo forma a luce, materiali e flussi.\" \/>\n<meta name=\"robots\" content=\"index, follow, max-snippet:-1, max-image-preview:large, max-video-preview:-1\" \/>\n<link rel=\"canonical\" href=\"https:\/\/gbplace.co\/it\/progettazione-spazi-di-interni\/\" \/>\n<meta property=\"og:locale\" content=\"it_IT\" \/>\n<meta property=\"og:type\" content=\"article\" \/>\n<meta property=\"og:title\" content=\"Progettazione spazi di interni | Spazi Funzionali | GBPLACE\" \/>\n<meta property=\"og:description\" content=\"Il nostro servizio di Progettazione spazi di interni crea ambienti belli e funzionali. Diamo forma a luce, materiali e flussi.\" \/>\n<meta property=\"og:url\" content=\"https:\/\/gbplace.co\/it\/progettazione-spazi-di-interni\/\" \/>\n<meta property=\"og:site_name\" content=\"GBPLACE - Creativity, Hospitality and Architecture\" \/>\n<meta property=\"article:publisher\" content=\"https:\/\/www.facebook.com\/gbplacecorporation\" \/>\n<meta property=\"article:modified_time\" content=\"2025-07-24T15:31:15+00:00\" \/>\n<meta property=\"og:image\" content=\"https:\/\/gbplace.co\/wp-content\/uploads\/2025\/06\/cropped-GBP_U_Social.png\" \/>\n\t<meta property=\"og:image:width\" content=\"512\" \/>\n\t<meta property=\"og:image:height\" content=\"512\" \/>\n\t<meta property=\"og:image:type\" content=\"image\/png\" \/>\n<meta name=\"twitter:card\" content=\"summary_large_image\" \/>\n<meta name=\"twitter:site\" content=\"@GBPLACE_U\" \/>\n<meta name=\"twitter:label1\" content=\"Tempo di lettura stimato\" \/>\n\t<meta name=\"twitter:data1\" content=\"2 minuti\" \/>\n<script type=\"application\/ld+json\" class=\"yoast-schema-graph\">{\"@context\":\"https:\\\/\\\/schema.org\",\"@graph\":[{\"@type\":\"WebPage\",\"@id\":\"https:\\\/\\\/gbplace.co\\\/it\\\/progettazione-spazi-di-interni\\\/\",\"url\":\"https:\\\/\\\/gbplace.co\\\/it\\\/progettazione-spazi-di-interni\\\/\",\"name\":\"Progettazione spazi di interni | Spazi Funzionali | GBPLACE\",\"isPartOf\":{\"@id\":\"https:\\\/\\\/gbplace.co\\\/it\\\/#website\"},\"primaryImageOfPage\":{\"@id\":\"https:\\\/\\\/gbplace.co\\\/it\\\/progettazione-spazi-di-interni\\\/#primaryimage\"},\"image\":{\"@id\":\"https:\\\/\\\/gbplace.co\\\/it\\\/progettazione-spazi-di-interni\\\/#primaryimage\"},\"thumbnailUrl\":\"https:\\\/\\\/gbplace.co\\\/wp-content\\\/uploads\\\/2025\\\/06\\\/cropped-GBP_U_Social-300x300.png\",\"datePublished\":\"2025-05-28T16:52:53+00:00\",\"dateModified\":\"2025-07-24T15:31:15+00:00\",\"description\":\"Il nostro servizio di Progettazione spazi di interni crea ambienti belli e funzionali. Diamo forma a luce, materiali e flussi.\",\"breadcrumb\":{\"@id\":\"https:\\\/\\\/gbplace.co\\\/it\\\/progettazione-spazi-di-interni\\\/#breadcrumb\"},\"inLanguage\":\"it-IT\",\"potentialAction\":[{\"@type\":\"ReadAction\",\"target\":[\"https:\\\/\\\/gbplace.co\\\/it\\\/progettazione-spazi-di-interni\\\/\"]}]},{\"@type\":\"ImageObject\",\"inLanguage\":\"it-IT\",\"@id\":\"https:\\\/\\\/gbplace.co\\\/it\\\/progettazione-spazi-di-interni\\\/#primaryimage\",\"url\":\"https:\\\/\\\/gbplace.co\\\/wp-content\\\/uploads\\\/2025\\\/06\\\/cropped-GBP_U_Social-300x300.png\",\"contentUrl\":\"https:\\\/\\\/gbplace.co\\\/wp-content\\\/uploads\\\/2025\\\/06\\\/cropped-GBP_U_Social-300x300.png\"},{\"@type\":\"BreadcrumbList\",\"@id\":\"https:\\\/\\\/gbplace.co\\\/it\\\/progettazione-spazi-di-interni\\\/#breadcrumb\",\"itemListElement\":[{\"@type\":\"ListItem\",\"position\":1,\"name\":\"Home\",\"item\":\"https:\\\/\\\/gbplace.co\\\/it\\\/\"},{\"@type\":\"ListItem\",\"position\":2,\"name\":\"Interior &#038; Spatial Design\"}]},{\"@type\":\"WebSite\",\"@id\":\"https:\\\/\\\/gbplace.co\\\/it\\\/#website\",\"url\":\"https:\\\/\\\/gbplace.co\\\/it\\\/\",\"name\":\"GBPLACE - Creativity, Hospitality and Architecture\",\"description\":\"Creative Studio for Architecture, Hospitality &amp; Communication\",\"publisher\":{\"@id\":\"https:\\\/\\\/gbplace.co\\\/it\\\/#organization\"},\"potentialAction\":[{\"@type\":\"SearchAction\",\"target\":{\"@type\":\"EntryPoint\",\"urlTemplate\":\"https:\\\/\\\/gbplace.co\\\/it\\\/?s={search_term_string}\"},\"query-input\":{\"@type\":\"PropertyValueSpecification\",\"valueRequired\":true,\"valueName\":\"search_term_string\"}}],\"inLanguage\":\"it-IT\"},{\"@type\":\"Organization\",\"@id\":\"https:\\\/\\\/gbplace.co\\\/it\\\/#organization\",\"name\":\"GBPLACE\",\"url\":\"https:\\\/\\\/gbplace.co\\\/it\\\/\",\"logo\":{\"@type\":\"ImageObject\",\"inLanguage\":\"it-IT\",\"@id\":\"https:\\\/\\\/gbplace.co\\\/it\\\/#\\\/schema\\\/logo\\\/image\\\/\",\"url\":\"https:\\\/\\\/gbplace.co\\\/wp-content\\\/uploads\\\/2025\\\/04\\\/GBPLACEUNDERSCORE.svg\",\"contentUrl\":\"https:\\\/\\\/gbplace.co\\\/wp-content\\\/uploads\\\/2025\\\/04\\\/GBPLACEUNDERSCORE.svg\",\"width\":\"1024\",\"height\":\"1024\",\"caption\":\"GBPLACE\"},\"image\":{\"@id\":\"https:\\\/\\\/gbplace.co\\\/it\\\/#\\\/schema\\\/logo\\\/image\\\/\"},\"sameAs\":[\"https:\\\/\\\/www.facebook.com\\\/gbplacecorporation\",\"https:\\\/\\\/x.com\\\/GBPLACE_U\",\"https:\\\/\\\/www.instagram.com\\\/gb.place\\\/\"]}]}<\/script>\n<!-- \/ Yoast SEO plugin. -->","yoast_head_json":{"title":"Progettazione spazi di interni | Spazi Funzionali | GBPLACE","description":"Il nostro servizio di Progettazione spazi di interni crea ambienti belli e funzionali. Diamo forma a luce, materiali e flussi.","robots":{"index":"index","follow":"follow","max-snippet":"max-snippet:-1","max-image-preview":"max-image-preview:large","max-video-preview":"max-video-preview:-1"},"canonical":"https:\/\/gbplace.co\/it\/progettazione-spazi-di-interni\/","og_locale":"it_IT","og_type":"article","og_title":"Progettazione spazi di interni | Spazi Funzionali | GBPLACE","og_description":"Il nostro servizio di Progettazione spazi di interni crea ambienti belli e funzionali. Diamo forma a luce, materiali e flussi.","og_url":"https:\/\/gbplace.co\/it\/progettazione-spazi-di-interni\/","og_site_name":"GBPLACE - Creativity, Hospitality and Architecture","article_publisher":"https:\/\/www.facebook.com\/gbplacecorporation","article_modified_time":"2025-07-24T15:31:15+00:00","og_image":[{"width":512,"height":512,"url":"https:\/\/gbplace.co\/wp-content\/uploads\/2025\/06\/cropped-GBP_U_Social.png","type":"image\/png"}],"twitter_card":"summary_large_image","twitter_site":"@GBPLACE_U","twitter_misc":{"Tempo di lettura stimato":"2 minuti"},"schema":{"@context":"https:\/\/schema.org","@graph":[{"@type":"WebPage","@id":"https:\/\/gbplace.co\/it\/progettazione-spazi-di-interni\/","url":"https:\/\/gbplace.co\/it\/progettazione-spazi-di-interni\/","name":"Progettazione spazi di interni | Spazi Funzionali | GBPLACE","isPartOf":{"@id":"https:\/\/gbplace.co\/it\/#website"},"primaryImageOfPage":{"@id":"https:\/\/gbplace.co\/it\/progettazione-spazi-di-interni\/#primaryimage"},"image":{"@id":"https:\/\/gbplace.co\/it\/progettazione-spazi-di-interni\/#primaryimage"},"thumbnailUrl":"https:\/\/gbplace.co\/wp-content\/uploads\/2025\/06\/cropped-GBP_U_Social-300x300.png","datePublished":"2025-05-28T16:52:53+00:00","dateModified":"2025-07-24T15:31:15+00:00","description":"Il nostro servizio di Progettazione spazi di interni crea ambienti belli e funzionali. Diamo forma a luce, materiali e flussi.","breadcrumb":{"@id":"https:\/\/gbplace.co\/it\/progettazione-spazi-di-interni\/#breadcrumb"},"inLanguage":"it-IT","potentialAction":[{"@type":"ReadAction","target":["https:\/\/gbplace.co\/it\/progettazione-spazi-di-interni\/"]}]},{"@type":"ImageObject","inLanguage":"it-IT","@id":"https:\/\/gbplace.co\/it\/progettazione-spazi-di-interni\/#primaryimage","url":"https:\/\/gbplace.co\/wp-content\/uploads\/2025\/06\/cropped-GBP_U_Social-300x300.png","contentUrl":"https:\/\/gbplace.co\/wp-content\/uploads\/2025\/06\/cropped-GBP_U_Social-300x300.png"},{"@type":"BreadcrumbList","@id":"https:\/\/gbplace.co\/it\/progettazione-spazi-di-interni\/#breadcrumb","itemListElement":[{"@type":"ListItem","position":1,"name":"Home","item":"https:\/\/gbplace.co\/it\/"},{"@type":"ListItem","position":2,"name":"Interior &#038; Spatial Design"}]},{"@type":"WebSite","@id":"https:\/\/gbplace.co\/it\/#website","url":"https:\/\/gbplace.co\/it\/","name":"GBPLACE - Creativity, Hospitality and Architecture","description":"Creative Studio for Architecture, Hospitality &amp; Communication","publisher":{"@id":"https:\/\/gbplace.co\/it\/#organization"},"potentialAction":[{"@type":"SearchAction","target":{"@type":"EntryPoint","urlTemplate":"https:\/\/gbplace.co\/it\/?s={search_term_string}"},"query-input":{"@type":"PropertyValueSpecification","valueRequired":true,"valueName":"search_term_string"}}],"inLanguage":"it-IT"},{"@type":"Organization","@id":"https:\/\/gbplace.co\/it\/#organization","name":"GBPLACE","url":"https:\/\/gbplace.co\/it\/","logo":{"@type":"ImageObject","inLanguage":"it-IT","@id":"https:\/\/gbplace.co\/it\/#\/schema\/logo\/image\/","url":"https:\/\/gbplace.co\/wp-content\/uploads\/2025\/04\/GBPLACEUNDERSCORE.svg","contentUrl":"https:\/\/gbplace.co\/wp-content\/uploads\/2025\/04\/GBPLACEUNDERSCORE.svg","width":"1024","height":"1024","caption":"GBPLACE"},"image":{"@id":"https:\/\/gbplace.co\/it\/#\/schema\/logo\/image\/"},"sameAs":["https:\/\/www.facebook.com\/gbplacecorporation","https:\/\/x.com\/GBPLACE_U","https:\/\/www.instagram.com\/gb.place\/"]}]}},"_links":{"self":[{"href":"https:\/\/gbplace.co\/it\/wp-json\/wp\/v2\/pages\/3334","targetHints":{"allow":["GET"]}}],"collection":[{"href":"https:\/\/gbplace.co\/it\/wp-json\/wp\/v2\/pages"}],"about":[{"href":"https:\/\/gbplace.co\/it\/wp-json\/wp\/v2\/types\/page"}],"author":[{"embeddable":true,"href":"https:\/\/gbplace.co\/it\/wp-json\/wp\/v2\/users\/1"}],"replies":[{"embeddable":true,"href":"https:\/\/gbplace.co\/it\/wp-json\/wp\/v2\/comments?post=3334"}],"version-history":[{"count":3,"href":"https:\/\/gbplace.co\/it\/wp-json\/wp\/v2\/pages\/3334\/revisions"}],"predecessor-version":[{"id":4356,"href":"https:\/\/gbplace.co\/it\/wp-json\/wp\/v2\/pages\/3334\/revisions\/4356"}],"wp:attachment":[{"href":"https:\/\/gbplace.co\/it\/wp-json\/wp\/v2\/media?parent=3334"}],"wp:term":[{"taxonomy":"difl_page_category","embeddable":true,"href":"https:\/\/gbplace.co\/it\/wp-json\/wp\/v2\/difl_page_category?post=3334"}],"curies":[{"name":"wp","href":"https:\/\/api.w.org\/{rel}","templated":true}]}}