{"id":3332,"date":"2025-05-26T06:49:21","date_gmt":"2025-05-26T06:49:21","guid":{"rendered":"https:\/\/gbplace.co\/?page_id=3332"},"modified":"2025-07-24T14:27:42","modified_gmt":"2025-07-24T14:27:42","slug":"esperienza-degli-ospiti","status":"publish","type":"page","link":"https:\/\/gbplace.co\/it\/esperienza-degli-ospiti\/","title":{"rendered":"Esperienza degli ospiti"},"content":{"rendered":"<p>Esperienza degli ospiti<\/p>\n<h1>Progettare Momenti che Emozionano<\/h1>\n<p><a href=\"https:\/\/gbplace.co\/it\/ospitalita\/\">L&#8217;ospitalit\u00e0<\/a> non \u00e8 un luogo, \u00e8 come fai sentire le persone.<\/p>\n<p>Crediamo che questo concetto sia il cuore della vera ospitalit\u00e0. <b>Per questo,<\/b> il nostro servizio di <b>guest experience design<\/b> si dedica a creare percorsi che siano riflessivi, immersivi e perfettamente allineati con l&#8217;identit\u00e0 del tuo <a href=\"https:\/\/wetooo.it\" target=\"_blank\" rel=\"noopener\">brand<\/a>. Andiamo oltre lo spazio fisico per considerare ogni singola interazione, sia digitale che umana. <b>In definitiva,<\/b> tutto \u00e8 curato per creare una connessione emotiva che gli ospiti ricorderanno a lungo.<\/p>\n<h3><b>Il Valore dell&#8217; Esperienza degli ospiti<\/b><\/h3>\n<p>Un&#8217;esperienza ospite di livello superiore \u00e8 il tuo strumento di marketing pi\u00f9 potente. <b>Ad esempio,<\/b> gli ospiti felici lasciano recensioni eccellenti e condividono le loro storie, costruendo la tua reputazione in modo organico. <b>Inoltre,<\/b> un percorso fluido e personale aumenta il valore percepito, giustificando tariffe premium. <b>Soprattutto,<\/b> gli ospiti che si sentono veramente accuditi hanno maggiori probabilit\u00e0 di tornare, creando una base di clienti fedeli che \u00e8 essenziale per un successo a lungo termine.<\/p>\n<h3><b>Il Nostro Servizio di Guest Experience Design<\/b><\/h3>\n<p>Mappare e progettare meticolosamente ogni fase del viaggio dell&#8217;ospite per garantire una narrazione coerente e coinvolgente.<\/p>\n<ol start=\"1\">\n<li><b>L&#8217;Esperienza Pre-Arrivo:<\/b> <b>Prima di tutto,<\/b> ci concentriamo sul creare fiducia e anticipazione fin dall&#8217;inizio. Questo include un sito web intuitivo, conferme di prenotazione chiare ed email di benvenuto personalizzate. <b>In pi\u00f9,<\/b> possiamo creare eleganti guide digitali che fanno sentire gli ospiti apprezzati ancora prima di arrivare.<\/li>\n<li><b>L&#8217;Esperienza Durante il Soggiorno:<\/b> <b>Successivamente,<\/b> analizziamo tutti i punti di contatto fisici e digitali durante il soggiorno. Questo va da un processo di check-in accogliente ai dettagli in camera, fino ai protocolli di interazione dello staff. <b>In breve,<\/b> il nostro obiettivo \u00e8 creare costanti momenti di sorpresa e piacere.<\/li>\n<li><b>Il Post-Soggiorno e la Fidelizzazione:<\/b> <b>Infine,<\/b> l&#8217;esperienza non termina al checkout. Ti aiutiamo a progettare un processo di partenza sereno e a implementare sistemi automatizzati per raccogliere feedback. <b>Questo, a sua volta,<\/b> aiuta a costruire una relazione duratura e a incoraggiare gli ospiti a diventare veri sostenitori del tuo brand.<\/li>\n<\/ol>\n<p>Il grande design non si ferma alla porta: accoglie, sorprende e delizia a ogni passo. Permettici di trasformare la tua propriet\u00e0 in un&#8217;esperienza che gli ospiti non solo raccontano, ma che desiderano rivivere.<\/p>\n<p><img loading=\"lazy\" decoding=\"async\" class=\"alignnone wp-image-2189\" src=\"https:\/\/gbplace.co\/wp-content\/uploads\/2025\/06\/cropped-GBP_U_Social-300x300.png\" alt=\"Esperienza degli ospiti\" width=\"87\" height=\"87\" \/><\/p>\n","protected":false},"excerpt":{"rendered":"<p>Esperienza degli ospiti Progettare Momenti che Emozionano L&#8217;ospitalit\u00e0 non \u00e8 un luogo, \u00e8 come fai sentire le persone. Crediamo che questo concetto sia il cuore della vera ospitalit\u00e0. Per questo, il nostro servizio di guest experience design si dedica a creare percorsi che siano riflessivi, immersivi e perfettamente allineati con l&#8217;identit\u00e0 del tuo brand. Andiamo [&hellip;]<\/p>\n","protected":false},"author":1,"featured_media":0,"parent":0,"menu_order":30,"comment_status":"closed","ping_status":"closed","template":"","meta":{"inline_featured_image":false,"footnotes":""},"difl_page_category":[],"class_list":["post-3332","page","type-page","status-publish","hentry"],"yoast_head":"<!-- This site is optimized with the Yoast SEO plugin v27.3 - https:\/\/yoast.com\/product\/yoast-seo-wordpress\/ -->\n<title>Esperienza degli ospiti | GBPLACE<\/title>\n<meta name=\"description\" content=\"L&#039;esperienza degli ospiti \u00e8 il nostro obiettivo principale. Curiamo ogni dettaglio per aumentare la loro soddisfazione.\" \/>\n<meta name=\"robots\" content=\"index, follow, max-snippet:-1, max-image-preview:large, max-video-preview:-1\" \/>\n<link rel=\"canonical\" href=\"https:\/\/gbplace.co\/it\/esperienza-degli-ospiti\/\" \/>\n<meta property=\"og:locale\" content=\"it_IT\" \/>\n<meta property=\"og:type\" content=\"article\" \/>\n<meta property=\"og:title\" content=\"Esperienza degli ospiti | GBPLACE\" \/>\n<meta property=\"og:description\" content=\"L&#039;esperienza degli ospiti \u00e8 il nostro obiettivo principale. Curiamo ogni dettaglio per aumentare la loro soddisfazione.\" \/>\n<meta property=\"og:url\" content=\"https:\/\/gbplace.co\/it\/esperienza-degli-ospiti\/\" \/>\n<meta property=\"og:site_name\" content=\"GBPLACE - Creativity, Hospitality and Architecture\" \/>\n<meta property=\"article:publisher\" content=\"https:\/\/www.facebook.com\/gbplacecorporation\" \/>\n<meta property=\"article:modified_time\" content=\"2025-07-24T14:27:42+00:00\" \/>\n<meta property=\"og:image\" content=\"https:\/\/gbplace.co\/wp-content\/uploads\/2025\/06\/cropped-GBP_U_Social.png\" \/>\n\t<meta property=\"og:image:width\" content=\"512\" \/>\n\t<meta property=\"og:image:height\" content=\"512\" \/>\n\t<meta property=\"og:image:type\" content=\"image\/png\" \/>\n<meta name=\"twitter:card\" content=\"summary_large_image\" \/>\n<meta name=\"twitter:site\" content=\"@GBPLACE_U\" \/>\n<meta name=\"twitter:label1\" content=\"Tempo di lettura stimato\" \/>\n\t<meta name=\"twitter:data1\" content=\"2 minuti\" \/>\n<script type=\"application\/ld+json\" class=\"yoast-schema-graph\">{\"@context\":\"https:\\\/\\\/schema.org\",\"@graph\":[{\"@type\":\"WebPage\",\"@id\":\"https:\\\/\\\/gbplace.co\\\/it\\\/esperienza-degli-ospiti\\\/\",\"url\":\"https:\\\/\\\/gbplace.co\\\/it\\\/esperienza-degli-ospiti\\\/\",\"name\":\"Esperienza degli ospiti | GBPLACE\",\"isPartOf\":{\"@id\":\"https:\\\/\\\/gbplace.co\\\/it\\\/#website\"},\"primaryImageOfPage\":{\"@id\":\"https:\\\/\\\/gbplace.co\\\/it\\\/esperienza-degli-ospiti\\\/#primaryimage\"},\"image\":{\"@id\":\"https:\\\/\\\/gbplace.co\\\/it\\\/esperienza-degli-ospiti\\\/#primaryimage\"},\"thumbnailUrl\":\"https:\\\/\\\/gbplace.co\\\/wp-content\\\/uploads\\\/2025\\\/06\\\/cropped-GBP_U_Social-300x300.png\",\"datePublished\":\"2025-05-26T06:49:21+00:00\",\"dateModified\":\"2025-07-24T14:27:42+00:00\",\"description\":\"L'esperienza degli ospiti \u00e8 il nostro obiettivo principale. Curiamo ogni dettaglio per aumentare la loro soddisfazione.\",\"breadcrumb\":{\"@id\":\"https:\\\/\\\/gbplace.co\\\/it\\\/esperienza-degli-ospiti\\\/#breadcrumb\"},\"inLanguage\":\"it-IT\",\"potentialAction\":[{\"@type\":\"ReadAction\",\"target\":[\"https:\\\/\\\/gbplace.co\\\/it\\\/esperienza-degli-ospiti\\\/\"]}]},{\"@type\":\"ImageObject\",\"inLanguage\":\"it-IT\",\"@id\":\"https:\\\/\\\/gbplace.co\\\/it\\\/esperienza-degli-ospiti\\\/#primaryimage\",\"url\":\"https:\\\/\\\/gbplace.co\\\/wp-content\\\/uploads\\\/2025\\\/06\\\/cropped-GBP_U_Social-300x300.png\",\"contentUrl\":\"https:\\\/\\\/gbplace.co\\\/wp-content\\\/uploads\\\/2025\\\/06\\\/cropped-GBP_U_Social-300x300.png\"},{\"@type\":\"BreadcrumbList\",\"@id\":\"https:\\\/\\\/gbplace.co\\\/it\\\/esperienza-degli-ospiti\\\/#breadcrumb\",\"itemListElement\":[{\"@type\":\"ListItem\",\"position\":1,\"name\":\"Home\",\"item\":\"https:\\\/\\\/gbplace.co\\\/it\\\/\"},{\"@type\":\"ListItem\",\"position\":2,\"name\":\"Esperienza degli ospiti\"}]},{\"@type\":\"WebSite\",\"@id\":\"https:\\\/\\\/gbplace.co\\\/it\\\/#website\",\"url\":\"https:\\\/\\\/gbplace.co\\\/it\\\/\",\"name\":\"GBPLACE - Creativity, Hospitality and Architecture\",\"description\":\"Creative Studio for Architecture, Hospitality &amp; Communication\",\"publisher\":{\"@id\":\"https:\\\/\\\/gbplace.co\\\/it\\\/#organization\"},\"potentialAction\":[{\"@type\":\"SearchAction\",\"target\":{\"@type\":\"EntryPoint\",\"urlTemplate\":\"https:\\\/\\\/gbplace.co\\\/it\\\/?s={search_term_string}\"},\"query-input\":{\"@type\":\"PropertyValueSpecification\",\"valueRequired\":true,\"valueName\":\"search_term_string\"}}],\"inLanguage\":\"it-IT\"},{\"@type\":\"Organization\",\"@id\":\"https:\\\/\\\/gbplace.co\\\/it\\\/#organization\",\"name\":\"GBPLACE\",\"url\":\"https:\\\/\\\/gbplace.co\\\/it\\\/\",\"logo\":{\"@type\":\"ImageObject\",\"inLanguage\":\"it-IT\",\"@id\":\"https:\\\/\\\/gbplace.co\\\/it\\\/#\\\/schema\\\/logo\\\/image\\\/\",\"url\":\"https:\\\/\\\/gbplace.co\\\/wp-content\\\/uploads\\\/2025\\\/04\\\/GBPLACEUNDERSCORE.svg\",\"contentUrl\":\"https:\\\/\\\/gbplace.co\\\/wp-content\\\/uploads\\\/2025\\\/04\\\/GBPLACEUNDERSCORE.svg\",\"width\":\"1024\",\"height\":\"1024\",\"caption\":\"GBPLACE\"},\"image\":{\"@id\":\"https:\\\/\\\/gbplace.co\\\/it\\\/#\\\/schema\\\/logo\\\/image\\\/\"},\"sameAs\":[\"https:\\\/\\\/www.facebook.com\\\/gbplacecorporation\",\"https:\\\/\\\/x.com\\\/GBPLACE_U\",\"https:\\\/\\\/www.instagram.com\\\/gb.place\\\/\"]}]}<\/script>\n<!-- \/ Yoast SEO plugin. -->","yoast_head_json":{"title":"Esperienza degli ospiti | GBPLACE","description":"L'esperienza degli ospiti \u00e8 il nostro obiettivo principale. Curiamo ogni dettaglio per aumentare la loro soddisfazione.","robots":{"index":"index","follow":"follow","max-snippet":"max-snippet:-1","max-image-preview":"max-image-preview:large","max-video-preview":"max-video-preview:-1"},"canonical":"https:\/\/gbplace.co\/it\/esperienza-degli-ospiti\/","og_locale":"it_IT","og_type":"article","og_title":"Esperienza degli ospiti | GBPLACE","og_description":"L'esperienza degli ospiti \u00e8 il nostro obiettivo principale. Curiamo ogni dettaglio per aumentare la loro soddisfazione.","og_url":"https:\/\/gbplace.co\/it\/esperienza-degli-ospiti\/","og_site_name":"GBPLACE - Creativity, Hospitality and Architecture","article_publisher":"https:\/\/www.facebook.com\/gbplacecorporation","article_modified_time":"2025-07-24T14:27:42+00:00","og_image":[{"width":512,"height":512,"url":"https:\/\/gbplace.co\/wp-content\/uploads\/2025\/06\/cropped-GBP_U_Social.png","type":"image\/png"}],"twitter_card":"summary_large_image","twitter_site":"@GBPLACE_U","twitter_misc":{"Tempo di lettura stimato":"2 minuti"},"schema":{"@context":"https:\/\/schema.org","@graph":[{"@type":"WebPage","@id":"https:\/\/gbplace.co\/it\/esperienza-degli-ospiti\/","url":"https:\/\/gbplace.co\/it\/esperienza-degli-ospiti\/","name":"Esperienza degli ospiti | GBPLACE","isPartOf":{"@id":"https:\/\/gbplace.co\/it\/#website"},"primaryImageOfPage":{"@id":"https:\/\/gbplace.co\/it\/esperienza-degli-ospiti\/#primaryimage"},"image":{"@id":"https:\/\/gbplace.co\/it\/esperienza-degli-ospiti\/#primaryimage"},"thumbnailUrl":"https:\/\/gbplace.co\/wp-content\/uploads\/2025\/06\/cropped-GBP_U_Social-300x300.png","datePublished":"2025-05-26T06:49:21+00:00","dateModified":"2025-07-24T14:27:42+00:00","description":"L'esperienza degli ospiti \u00e8 il nostro obiettivo principale. Curiamo ogni dettaglio per aumentare la loro soddisfazione.","breadcrumb":{"@id":"https:\/\/gbplace.co\/it\/esperienza-degli-ospiti\/#breadcrumb"},"inLanguage":"it-IT","potentialAction":[{"@type":"ReadAction","target":["https:\/\/gbplace.co\/it\/esperienza-degli-ospiti\/"]}]},{"@type":"ImageObject","inLanguage":"it-IT","@id":"https:\/\/gbplace.co\/it\/esperienza-degli-ospiti\/#primaryimage","url":"https:\/\/gbplace.co\/wp-content\/uploads\/2025\/06\/cropped-GBP_U_Social-300x300.png","contentUrl":"https:\/\/gbplace.co\/wp-content\/uploads\/2025\/06\/cropped-GBP_U_Social-300x300.png"},{"@type":"BreadcrumbList","@id":"https:\/\/gbplace.co\/it\/esperienza-degli-ospiti\/#breadcrumb","itemListElement":[{"@type":"ListItem","position":1,"name":"Home","item":"https:\/\/gbplace.co\/it\/"},{"@type":"ListItem","position":2,"name":"Esperienza degli ospiti"}]},{"@type":"WebSite","@id":"https:\/\/gbplace.co\/it\/#website","url":"https:\/\/gbplace.co\/it\/","name":"GBPLACE - Creativity, Hospitality and Architecture","description":"Creative Studio for Architecture, Hospitality &amp; Communication","publisher":{"@id":"https:\/\/gbplace.co\/it\/#organization"},"potentialAction":[{"@type":"SearchAction","target":{"@type":"EntryPoint","urlTemplate":"https:\/\/gbplace.co\/it\/?s={search_term_string}"},"query-input":{"@type":"PropertyValueSpecification","valueRequired":true,"valueName":"search_term_string"}}],"inLanguage":"it-IT"},{"@type":"Organization","@id":"https:\/\/gbplace.co\/it\/#organization","name":"GBPLACE","url":"https:\/\/gbplace.co\/it\/","logo":{"@type":"ImageObject","inLanguage":"it-IT","@id":"https:\/\/gbplace.co\/it\/#\/schema\/logo\/image\/","url":"https:\/\/gbplace.co\/wp-content\/uploads\/2025\/04\/GBPLACEUNDERSCORE.svg","contentUrl":"https:\/\/gbplace.co\/wp-content\/uploads\/2025\/04\/GBPLACEUNDERSCORE.svg","width":"1024","height":"1024","caption":"GBPLACE"},"image":{"@id":"https:\/\/gbplace.co\/it\/#\/schema\/logo\/image\/"},"sameAs":["https:\/\/www.facebook.com\/gbplacecorporation","https:\/\/x.com\/GBPLACE_U","https:\/\/www.instagram.com\/gb.place\/"]}]}},"_links":{"self":[{"href":"https:\/\/gbplace.co\/it\/wp-json\/wp\/v2\/pages\/3332","targetHints":{"allow":["GET"]}}],"collection":[{"href":"https:\/\/gbplace.co\/it\/wp-json\/wp\/v2\/pages"}],"about":[{"href":"https:\/\/gbplace.co\/it\/wp-json\/wp\/v2\/types\/page"}],"author":[{"embeddable":true,"href":"https:\/\/gbplace.co\/it\/wp-json\/wp\/v2\/users\/1"}],"replies":[{"embeddable":true,"href":"https:\/\/gbplace.co\/it\/wp-json\/wp\/v2\/comments?post=3332"}],"version-history":[{"count":5,"href":"https:\/\/gbplace.co\/it\/wp-json\/wp\/v2\/pages\/3332\/revisions"}],"predecessor-version":[{"id":4344,"href":"https:\/\/gbplace.co\/it\/wp-json\/wp\/v2\/pages\/3332\/revisions\/4344"}],"wp:attachment":[{"href":"https:\/\/gbplace.co\/it\/wp-json\/wp\/v2\/media?parent=3332"}],"wp:term":[{"taxonomy":"difl_page_category","embeddable":true,"href":"https:\/\/gbplace.co\/it\/wp-json\/wp\/v2\/difl_page_category?post=3332"}],"curies":[{"name":"wp","href":"https:\/\/api.w.org\/{rel}","templated":true}]}}