{"id":3318,"date":"2025-05-28T16:42:18","date_gmt":"2025-05-28T16:42:18","guid":{"rendered":"https:\/\/gbplace.co\/?page_id=3318"},"modified":"2025-07-24T15:08:26","modified_gmt":"2025-07-24T15:08:26","slug":"architettura-e-interior-design","status":"publish","type":"page","link":"https:\/\/gbplace.co\/it\/architettura-e-interior-design\/","title":{"rendered":"Architettura"},"content":{"rendered":"<p>Architettura e interior design<\/p>\n<h1>Architettura &amp; Interior Design<\/h1>\n<p>L&#8217;architettura \u00e8 pi\u00f9 che forma e funzione: rende tangibile l&#8217;identit\u00e0.<\/p>\n<p>In GBPLACE, la nostra visione della creativit\u00e0 \u00e8 sempre andata oltre schermi e immagini. <b>Per questo,<\/b>siamo orgogliosi di offrire <b>servizi di architettura e interior design<\/b> completi, attraverso una partnership unica con <a href=\"https:\/\/bevilacquaarchitects.com\" target=\"_blank\" rel=\"noopener\">Bevilacqua Architects<\/a>. <b>Infatti,<\/b> questo acclamato studio di architettura condivide i nostri valori fondamentali: chiarezza estetica, design significativo e spazi <i>human-centered<\/i>.<\/p>\n<p>Questa collaborazione \u00e8 anche profondamente personale. Marco, il fondatore di Bevilacqua Architects, non \u00e8 solo un architetto incredibile: \u00e8 un caro amico. <b>Per anni,<\/b> abbiamo condiviso idee, visioni e passioni, ispirandoci a vicenda. <b>Ora,<\/b> le nostre strade si uniscono ufficialmente. <b>Il nostro obiettivo comune<\/b> \u00e8 dare forma ad ambienti che non siano solo funzionali e belli, ma anche emotivamente risonanti.<\/p>\n<h3><b>La Nostra Filosofia: Design Significativo e Human-Centered<\/b><\/h3>\n<p>La nostra partnership si fonda su una convinzione comune. <b>Nello specifico,<\/b> crediamo che il grande design debba raccontare una storia e, soprattutto, essere al servizio delle persone. Rifiutiamo le mode passeggere in favore di una qualit\u00e0 senza tempo, di una funzionalit\u00e0 ponderata e di una bellezza duratura. <b>In ogni progetto,<\/b> ci sforziamo di creare spazi che non siano solo di grande impatto visivo. <b>Essi devono anche essere<\/b> profondamente connessi all&#8217;identit\u00e0 e ai bisogni di chi li abiter\u00e0. Questo approccio incentrato sull&#8217;uomo \u00e8 il vero fulcro del nostro lavoro insieme.<\/p>\n<h3><b>I Nostri Servizi di Architettura e Interior Design<\/b><\/h3>\n<p><a href=\"https:\/\/gbplace.co\/it\/spazio-mala\/\" target=\"_blank\" rel=\"noopener\">Insieme, offriamo un approccio multidisciplinare e integrato che copre ogni fase di un progetto.<\/a><\/p>\n<ol start=\"1\">\n<li><b>Progettazione Architettonica:<\/b> Gestiamo progetti di ogni scala, da nuove costruzioni a ristrutturazioni attente. Il nostro lavoro architettonico bilancia l&#8217;integrit\u00e0 strutturale con un&#8217;estetica raffinata, creando edifici con carattere e scopo.<\/li>\n<li><b>Interior &amp; Spatial Design:<\/b> <b>Inoltre,<\/b> diamo forma all&#8217;anima degli interni. Ci concentriamo sulla pianificazione strategica degli spazi, sulla selezione dei materiali, sull&#8217;illuminazione e sugli arredi su misura. <b>Questo ci permette<\/b> di creare ambienti che siano stimolanti e perfettamente adatti alla loro funzione.<\/li>\n<li><b>Sviluppo del Concept Creativo:<\/b> <b>Fondamentalmente,<\/b> la nostra collaborazione inizia dalla fase concettuale. Lavoriamo insieme fin dall&#8217;inizio per sviluppare un concept creativo olistico. <b>Questo assicura<\/b> che architettura, interni e brand story siano perfettamente allineati fin dal primo giorno.<\/li>\n<\/ol>\n<p>Che si tratti di ridisegnare uno spazio abitativo, reimmaginare un boutique hotel o costruire da zero, la nostra partnership offre un vantaggio unico. Avrai due team di esperti che lavorano come uno solo, garantendo che ogni elemento racconti una storia potente e coerente.<\/p>\n<p><img loading=\"lazy\" decoding=\"async\" class=\"alignnone wp-image-2189\" src=\"https:\/\/gbplace.co\/wp-content\/uploads\/2025\/06\/cropped-GBP_U_Social-300x300.png\" alt=\"Architecture and interior design services\" width=\"117\" height=\"117\" \/><\/p>\n","protected":false},"excerpt":{"rendered":"<p>Architettura e interior design Architettura &amp; Interior Design L&#8217;architettura \u00e8 pi\u00f9 che forma e funzione: rende tangibile l&#8217;identit\u00e0. In GBPLACE, la nostra visione della creativit\u00e0 \u00e8 sempre andata oltre schermi e immagini. Per questo,siamo orgogliosi di offrire servizi di architettura e interior design completi, attraverso una partnership unica con Bevilacqua Architects. Infatti, questo acclamato studio [&hellip;]<\/p>\n","protected":false},"author":1,"featured_media":0,"parent":0,"menu_order":11,"comment_status":"closed","ping_status":"closed","template":"","meta":{"inline_featured_image":false,"footnotes":""},"difl_page_category":[],"class_list":["post-3318","page","type-page","status-publish","hentry"],"yoast_head":"<!-- This site is optimized with the Yoast SEO plugin v27.3 - https:\/\/yoast.com\/product\/yoast-seo-wordpress\/ -->\n<title>Architettura e Interior Design | GBPLACE<\/title>\n<meta name=\"description\" content=\"Servizi di architettura e interior design. Il nostro approccio unisce funzionalit\u00e0 ed estetica per creare ambienti unici e significativi.\" \/>\n<meta name=\"robots\" content=\"index, follow, max-snippet:-1, max-image-preview:large, max-video-preview:-1\" \/>\n<link rel=\"canonical\" href=\"https:\/\/gbplace.co\/it\/architettura-e-interior-design\/\" \/>\n<meta property=\"og:locale\" content=\"it_IT\" \/>\n<meta property=\"og:type\" content=\"article\" \/>\n<meta property=\"og:title\" content=\"Architettura e Interior Design | GBPLACE\" \/>\n<meta property=\"og:description\" content=\"Servizi di architettura e interior design. Il nostro approccio unisce funzionalit\u00e0 ed estetica per creare ambienti unici e significativi.\" \/>\n<meta property=\"og:url\" content=\"https:\/\/gbplace.co\/it\/architettura-e-interior-design\/\" \/>\n<meta property=\"og:site_name\" content=\"GBPLACE - Creativity, Hospitality and Architecture\" \/>\n<meta property=\"article:publisher\" content=\"https:\/\/www.facebook.com\/gbplacecorporation\" \/>\n<meta property=\"article:modified_time\" content=\"2025-07-24T15:08:26+00:00\" \/>\n<meta property=\"og:image\" content=\"https:\/\/gbplace.co\/wp-content\/uploads\/2025\/06\/cropped-GBP_U_Social.png\" \/>\n\t<meta property=\"og:image:width\" content=\"512\" \/>\n\t<meta property=\"og:image:height\" content=\"512\" \/>\n\t<meta property=\"og:image:type\" content=\"image\/png\" \/>\n<meta name=\"twitter:card\" content=\"summary_large_image\" \/>\n<meta name=\"twitter:site\" content=\"@GBPLACE_U\" \/>\n<meta name=\"twitter:label1\" content=\"Tempo di lettura stimato\" \/>\n\t<meta name=\"twitter:data1\" content=\"2 minuti\" \/>\n<script type=\"application\/ld+json\" class=\"yoast-schema-graph\">{\"@context\":\"https:\\\/\\\/schema.org\",\"@graph\":[{\"@type\":\"WebPage\",\"@id\":\"https:\\\/\\\/gbplace.co\\\/it\\\/architettura-e-interior-design\\\/\",\"url\":\"https:\\\/\\\/gbplace.co\\\/it\\\/architettura-e-interior-design\\\/\",\"name\":\"Architettura e Interior Design | GBPLACE\",\"isPartOf\":{\"@id\":\"https:\\\/\\\/gbplace.co\\\/it\\\/#website\"},\"primaryImageOfPage\":{\"@id\":\"https:\\\/\\\/gbplace.co\\\/it\\\/architettura-e-interior-design\\\/#primaryimage\"},\"image\":{\"@id\":\"https:\\\/\\\/gbplace.co\\\/it\\\/architettura-e-interior-design\\\/#primaryimage\"},\"thumbnailUrl\":\"https:\\\/\\\/gbplace.co\\\/wp-content\\\/uploads\\\/2025\\\/06\\\/cropped-GBP_U_Social-300x300.png\",\"datePublished\":\"2025-05-28T16:42:18+00:00\",\"dateModified\":\"2025-07-24T15:08:26+00:00\",\"description\":\"Servizi di architettura e interior design. Il nostro approccio unisce funzionalit\u00e0 ed estetica per creare ambienti unici e significativi.\",\"breadcrumb\":{\"@id\":\"https:\\\/\\\/gbplace.co\\\/it\\\/architettura-e-interior-design\\\/#breadcrumb\"},\"inLanguage\":\"it-IT\",\"potentialAction\":[{\"@type\":\"ReadAction\",\"target\":[\"https:\\\/\\\/gbplace.co\\\/it\\\/architettura-e-interior-design\\\/\"]}]},{\"@type\":\"ImageObject\",\"inLanguage\":\"it-IT\",\"@id\":\"https:\\\/\\\/gbplace.co\\\/it\\\/architettura-e-interior-design\\\/#primaryimage\",\"url\":\"https:\\\/\\\/gbplace.co\\\/wp-content\\\/uploads\\\/2025\\\/06\\\/cropped-GBP_U_Social-300x300.png\",\"contentUrl\":\"https:\\\/\\\/gbplace.co\\\/wp-content\\\/uploads\\\/2025\\\/06\\\/cropped-GBP_U_Social-300x300.png\"},{\"@type\":\"BreadcrumbList\",\"@id\":\"https:\\\/\\\/gbplace.co\\\/it\\\/architettura-e-interior-design\\\/#breadcrumb\",\"itemListElement\":[{\"@type\":\"ListItem\",\"position\":1,\"name\":\"Home\",\"item\":\"https:\\\/\\\/gbplace.co\\\/it\\\/\"},{\"@type\":\"ListItem\",\"position\":2,\"name\":\"Architettura\"}]},{\"@type\":\"WebSite\",\"@id\":\"https:\\\/\\\/gbplace.co\\\/it\\\/#website\",\"url\":\"https:\\\/\\\/gbplace.co\\\/it\\\/\",\"name\":\"GBPLACE - Creativity, Hospitality and Architecture\",\"description\":\"Creative Studio for Architecture, Hospitality &amp; Communication\",\"publisher\":{\"@id\":\"https:\\\/\\\/gbplace.co\\\/it\\\/#organization\"},\"potentialAction\":[{\"@type\":\"SearchAction\",\"target\":{\"@type\":\"EntryPoint\",\"urlTemplate\":\"https:\\\/\\\/gbplace.co\\\/it\\\/?s={search_term_string}\"},\"query-input\":{\"@type\":\"PropertyValueSpecification\",\"valueRequired\":true,\"valueName\":\"search_term_string\"}}],\"inLanguage\":\"it-IT\"},{\"@type\":\"Organization\",\"@id\":\"https:\\\/\\\/gbplace.co\\\/it\\\/#organization\",\"name\":\"GBPLACE\",\"url\":\"https:\\\/\\\/gbplace.co\\\/it\\\/\",\"logo\":{\"@type\":\"ImageObject\",\"inLanguage\":\"it-IT\",\"@id\":\"https:\\\/\\\/gbplace.co\\\/it\\\/#\\\/schema\\\/logo\\\/image\\\/\",\"url\":\"https:\\\/\\\/gbplace.co\\\/wp-content\\\/uploads\\\/2025\\\/04\\\/GBPLACEUNDERSCORE.svg\",\"contentUrl\":\"https:\\\/\\\/gbplace.co\\\/wp-content\\\/uploads\\\/2025\\\/04\\\/GBPLACEUNDERSCORE.svg\",\"width\":\"1024\",\"height\":\"1024\",\"caption\":\"GBPLACE\"},\"image\":{\"@id\":\"https:\\\/\\\/gbplace.co\\\/it\\\/#\\\/schema\\\/logo\\\/image\\\/\"},\"sameAs\":[\"https:\\\/\\\/www.facebook.com\\\/gbplacecorporation\",\"https:\\\/\\\/x.com\\\/GBPLACE_U\",\"https:\\\/\\\/www.instagram.com\\\/gb.place\\\/\"]}]}<\/script>\n<!-- \/ Yoast SEO plugin. -->","yoast_head_json":{"title":"Architettura e Interior Design | GBPLACE","description":"Servizi di architettura e interior design. Il nostro approccio unisce funzionalit\u00e0 ed estetica per creare ambienti unici e significativi.","robots":{"index":"index","follow":"follow","max-snippet":"max-snippet:-1","max-image-preview":"max-image-preview:large","max-video-preview":"max-video-preview:-1"},"canonical":"https:\/\/gbplace.co\/it\/architettura-e-interior-design\/","og_locale":"it_IT","og_type":"article","og_title":"Architettura e Interior Design | GBPLACE","og_description":"Servizi di architettura e interior design. Il nostro approccio unisce funzionalit\u00e0 ed estetica per creare ambienti unici e significativi.","og_url":"https:\/\/gbplace.co\/it\/architettura-e-interior-design\/","og_site_name":"GBPLACE - Creativity, Hospitality and Architecture","article_publisher":"https:\/\/www.facebook.com\/gbplacecorporation","article_modified_time":"2025-07-24T15:08:26+00:00","og_image":[{"width":512,"height":512,"url":"https:\/\/gbplace.co\/wp-content\/uploads\/2025\/06\/cropped-GBP_U_Social.png","type":"image\/png"}],"twitter_card":"summary_large_image","twitter_site":"@GBPLACE_U","twitter_misc":{"Tempo di lettura stimato":"2 minuti"},"schema":{"@context":"https:\/\/schema.org","@graph":[{"@type":"WebPage","@id":"https:\/\/gbplace.co\/it\/architettura-e-interior-design\/","url":"https:\/\/gbplace.co\/it\/architettura-e-interior-design\/","name":"Architettura e Interior Design | GBPLACE","isPartOf":{"@id":"https:\/\/gbplace.co\/it\/#website"},"primaryImageOfPage":{"@id":"https:\/\/gbplace.co\/it\/architettura-e-interior-design\/#primaryimage"},"image":{"@id":"https:\/\/gbplace.co\/it\/architettura-e-interior-design\/#primaryimage"},"thumbnailUrl":"https:\/\/gbplace.co\/wp-content\/uploads\/2025\/06\/cropped-GBP_U_Social-300x300.png","datePublished":"2025-05-28T16:42:18+00:00","dateModified":"2025-07-24T15:08:26+00:00","description":"Servizi di architettura e interior design. Il nostro approccio unisce funzionalit\u00e0 ed estetica per creare ambienti unici e significativi.","breadcrumb":{"@id":"https:\/\/gbplace.co\/it\/architettura-e-interior-design\/#breadcrumb"},"inLanguage":"it-IT","potentialAction":[{"@type":"ReadAction","target":["https:\/\/gbplace.co\/it\/architettura-e-interior-design\/"]}]},{"@type":"ImageObject","inLanguage":"it-IT","@id":"https:\/\/gbplace.co\/it\/architettura-e-interior-design\/#primaryimage","url":"https:\/\/gbplace.co\/wp-content\/uploads\/2025\/06\/cropped-GBP_U_Social-300x300.png","contentUrl":"https:\/\/gbplace.co\/wp-content\/uploads\/2025\/06\/cropped-GBP_U_Social-300x300.png"},{"@type":"BreadcrumbList","@id":"https:\/\/gbplace.co\/it\/architettura-e-interior-design\/#breadcrumb","itemListElement":[{"@type":"ListItem","position":1,"name":"Home","item":"https:\/\/gbplace.co\/it\/"},{"@type":"ListItem","position":2,"name":"Architettura"}]},{"@type":"WebSite","@id":"https:\/\/gbplace.co\/it\/#website","url":"https:\/\/gbplace.co\/it\/","name":"GBPLACE - Creativity, Hospitality and Architecture","description":"Creative Studio for Architecture, Hospitality &amp; Communication","publisher":{"@id":"https:\/\/gbplace.co\/it\/#organization"},"potentialAction":[{"@type":"SearchAction","target":{"@type":"EntryPoint","urlTemplate":"https:\/\/gbplace.co\/it\/?s={search_term_string}"},"query-input":{"@type":"PropertyValueSpecification","valueRequired":true,"valueName":"search_term_string"}}],"inLanguage":"it-IT"},{"@type":"Organization","@id":"https:\/\/gbplace.co\/it\/#organization","name":"GBPLACE","url":"https:\/\/gbplace.co\/it\/","logo":{"@type":"ImageObject","inLanguage":"it-IT","@id":"https:\/\/gbplace.co\/it\/#\/schema\/logo\/image\/","url":"https:\/\/gbplace.co\/wp-content\/uploads\/2025\/04\/GBPLACEUNDERSCORE.svg","contentUrl":"https:\/\/gbplace.co\/wp-content\/uploads\/2025\/04\/GBPLACEUNDERSCORE.svg","width":"1024","height":"1024","caption":"GBPLACE"},"image":{"@id":"https:\/\/gbplace.co\/it\/#\/schema\/logo\/image\/"},"sameAs":["https:\/\/www.facebook.com\/gbplacecorporation","https:\/\/x.com\/GBPLACE_U","https:\/\/www.instagram.com\/gb.place\/"]}]}},"_links":{"self":[{"href":"https:\/\/gbplace.co\/it\/wp-json\/wp\/v2\/pages\/3318","targetHints":{"allow":["GET"]}}],"collection":[{"href":"https:\/\/gbplace.co\/it\/wp-json\/wp\/v2\/pages"}],"about":[{"href":"https:\/\/gbplace.co\/it\/wp-json\/wp\/v2\/types\/page"}],"author":[{"embeddable":true,"href":"https:\/\/gbplace.co\/it\/wp-json\/wp\/v2\/users\/1"}],"replies":[{"embeddable":true,"href":"https:\/\/gbplace.co\/it\/wp-json\/wp\/v2\/comments?post=3318"}],"version-history":[{"count":5,"href":"https:\/\/gbplace.co\/it\/wp-json\/wp\/v2\/pages\/3318\/revisions"}],"predecessor-version":[{"id":4347,"href":"https:\/\/gbplace.co\/it\/wp-json\/wp\/v2\/pages\/3318\/revisions\/4347"}],"wp:attachment":[{"href":"https:\/\/gbplace.co\/it\/wp-json\/wp\/v2\/media?parent=3318"}],"wp:term":[{"taxonomy":"difl_page_category","embeddable":true,"href":"https:\/\/gbplace.co\/it\/wp-json\/wp\/v2\/difl_page_category?post=3318"}],"curies":[{"name":"wp","href":"https:\/\/api.w.org\/{rel}","templated":true}]}}