{"id":3297,"date":"2025-05-25T19:35:41","date_gmt":"2025-05-25T19:35:41","guid":{"rendered":"https:\/\/gbplace.co\/?page_id=3297"},"modified":"2025-07-22T16:26:51","modified_gmt":"2025-07-22T16:26:51","slug":"ospitalita","status":"publish","type":"page","link":"https:\/\/gbplace.co\/it\/ospitalita\/","title":{"rendered":"Ospitalita&#8217;"},"content":{"rendered":"<p>Ospitalit\u00e0<\/p>\n<h1>Ospitalit\u00e0 Design &amp; Gestione Location<\/h1>\n<p>Dove la Creativit\u00e0 Incontra l&#8217;Arte di Ospitare.<\/p>\n<p><a href=\"https:\/\/gbplace.co\/it\/storia-di-gbplace\/\">GBPLACE<\/a> \u00e8 nato come spazio creativo. <b>Con il tempo, tuttavia,<\/b> si \u00e8 evoluto in qualcosa di pi\u00f9. \u00c8 stato un set cinematografico, un palcoscenico e una location per spot, shooting ed eventi esclusivi. <b>Inoltre,<\/b> \u00e8 stato anche una casa accogliente per i viaggiatori. Questa esperienza personale e spontanea ci ha rivelato una verit\u00e0 essenziale. <b>Nello specifico,<\/b> che l&#8217;ospitalit\u00e0 non consiste solo nell&#8217;offrire un luogo, ma \u00e8 un&#8217;estensione del design, dello stile e dell&#8217;identit\u00e0. Da questa singola intuizione, \u00e8 nata la nostra nuova direzione.<\/p>\n<h3><b>La Nostra Filosofia di Hospitality Design<\/b><\/h3>\n<p>Crediamo che ogni propriet\u00e0 abbia una storia unica che attende di essere raccontata. Il nostro approccio all&#8217;<b>hospitality design<\/b>, <b>di conseguenza,<\/b> va oltre la semplice estetica. <b>Piuttosto,<\/b> ci concentriamo sulla creazione di un viaggio sensoriale ed emotivo completo per i tuoi ospiti. Questo significa curare ogni dettaglio con intenzione, dalla narrazione visiva dello spazio fino alle interazioni digitali che definiscono la moderna <i>guest experience<\/i>. <b>In definitiva,<\/b> il nostro obiettivo \u00e8 creare spazi che siano allo stesso tempo stimolanti e profondamente autentici.<\/p>\n<h3><b>I Nostri Servizi di Ospitalit\u00e0 e gestione<\/b><\/h3>\n<p>Portiamo il nostro background creativo e strategico a supporto dei proprietari che vogliono raccontare la loro storia e creare una destinazione memorabile. I nostri servizi includono:<\/p>\n<ol start=\"1\">\n<li><b>Hospitality Design Strategico:<\/b> Ti aiutiamo a valorizzare la tua casa o la tua location. Il nostro lavoro si concentra sul miglioramento non solo dell&#8217;aspetto, ma anche della funzionalit\u00e0 e della comunicazione dello spazio. <b>Come risultato,<\/b> creiamo ambienti che sono belli e operativamente efficienti, per un soggiorno indimenticabile.<\/li>\n<li><b>Location Management Esperto:<\/b> Gestiamo propriet\u00e0 uniche per servizi fotografici, riunioni aziendali, cene private ed eventi esclusivi. <b>Inoltre,<\/b> il nostro servizio garantisce che il tuo spazio sia presentato e utilizzato al meglio, massimizzandone il potenziale come location di pregio.<\/li>\n<li><b>Strategie di Prenotazione Diretta e Digitale:<\/b> <b>In aggiunta,<\/b> sviluppiamo efficaci strategie di prenotazione diretta per aumentare i tuoi ricavi e la tua indipendenza dalle piattaforme di terze parti. Progettiamo l&#8217;intera esperienza di ospitalit\u00e0 digitale, dal sito web alle comunicazioni con gli ospiti.<\/li>\n<li><b><a href=\"https:\/\/wetooo.it\" target=\"_blank\" rel=\"noopener\">Branding<\/a> e Identit\u00e0 Visiva:<\/b> Un brand forte \u00e8 la chiave per distinguersi. <b>Per questo,<\/b> costruiamo un&#8217;identit\u00e0 di marca coerente per la tua propriet\u00e0. Questo include tutto, dalla comunicazione visiva allo storytelling, per creare un mondo di marca che gli ospiti ameranno e ricorderanno.<\/li>\n<\/ol>\n<p>Che tu voglia trasformare una residenza privata in un rifugio ambito o valorizzare una location commerciale, siamo qui per aiutarti. Raccontiamo insieme la storia del tuo spazio.<\/p>\n<p><img loading=\"lazy\" decoding=\"async\" class=\"alignnone wp-image-3263\" src=\"https:\/\/gbplace.co\/wp-content\/uploads\/2025\/06\/cropped-GBP_U_Social-300x300.png\" alt=\"ospitalit\u00e0\" width=\"78\" height=\"78\" \/><\/p>\n","protected":false},"excerpt":{"rendered":"<p>Ospitalit\u00e0 Ospitalit\u00e0 Design &amp; Gestione Location Dove la Creativit\u00e0 Incontra l&#8217;Arte di Ospitare. GBPLACE \u00e8 nato come spazio creativo. Con il tempo, tuttavia, si \u00e8 evoluto in qualcosa di pi\u00f9. \u00c8 stato un set cinematografico, un palcoscenico e una location per spot, shooting ed eventi esclusivi. Inoltre, \u00e8 stato anche una casa accogliente per i [&hellip;]<\/p>\n","protected":false},"author":1,"featured_media":0,"parent":0,"menu_order":34,"comment_status":"closed","ping_status":"closed","template":"","meta":{"inline_featured_image":false,"footnotes":""},"difl_page_category":[],"class_list":["post-3297","page","type-page","status-publish","hentry"],"yoast_head":"<!-- This site is optimized with the Yoast SEO plugin v27.3 - https:\/\/yoast.com\/product\/yoast-seo-wordpress\/ -->\n<title>Ospitalit\u00e0 &amp; Gestione Location | Servizi per Proprietari | GBPLACE<\/title>\n<meta name=\"description\" content=\"Offriamo servizi di ospitalit\u00e0 e gestione location per la tua propriet\u00e0. Creiamo esperienze e strategie di booking.\" \/>\n<meta name=\"robots\" content=\"index, follow, max-snippet:-1, max-image-preview:large, max-video-preview:-1\" \/>\n<link rel=\"canonical\" href=\"https:\/\/gbplace.co\/it\/ospitalita\/\" \/>\n<meta property=\"og:locale\" content=\"it_IT\" \/>\n<meta property=\"og:type\" content=\"article\" \/>\n<meta property=\"og:title\" content=\"Ospitalit\u00e0 &amp; Gestione Location | Servizi per Proprietari | GBPLACE\" \/>\n<meta property=\"og:description\" content=\"Offriamo servizi di ospitalit\u00e0 e gestione location per la tua propriet\u00e0. Creiamo esperienze e strategie di booking.\" \/>\n<meta property=\"og:url\" content=\"https:\/\/gbplace.co\/it\/ospitalita\/\" \/>\n<meta property=\"og:site_name\" content=\"GBPLACE - Creativity, Hospitality and Architecture\" \/>\n<meta property=\"article:publisher\" content=\"https:\/\/www.facebook.com\/gbplacecorporation\" \/>\n<meta property=\"article:modified_time\" content=\"2025-07-22T16:26:51+00:00\" \/>\n<meta property=\"og:image\" content=\"https:\/\/gbplace.co\/wp-content\/uploads\/2025\/06\/cropped-GBP_U_Social.png\" \/>\n\t<meta property=\"og:image:width\" content=\"512\" \/>\n\t<meta property=\"og:image:height\" content=\"512\" \/>\n\t<meta property=\"og:image:type\" content=\"image\/png\" \/>\n<meta name=\"twitter:card\" content=\"summary_large_image\" \/>\n<meta name=\"twitter:site\" content=\"@GBPLACE_U\" \/>\n<meta name=\"twitter:label1\" content=\"Tempo di lettura stimato\" \/>\n\t<meta name=\"twitter:data1\" content=\"3 minuti\" \/>\n<script type=\"application\/ld+json\" class=\"yoast-schema-graph\">{\"@context\":\"https:\\\/\\\/schema.org\",\"@graph\":[{\"@type\":\"WebPage\",\"@id\":\"https:\\\/\\\/gbplace.co\\\/it\\\/ospitalita\\\/\",\"url\":\"https:\\\/\\\/gbplace.co\\\/it\\\/ospitalita\\\/\",\"name\":\"Ospitalit\u00e0 & Gestione Location | Servizi per Proprietari | GBPLACE\",\"isPartOf\":{\"@id\":\"https:\\\/\\\/gbplace.co\\\/it\\\/#website\"},\"primaryImageOfPage\":{\"@id\":\"https:\\\/\\\/gbplace.co\\\/it\\\/ospitalita\\\/#primaryimage\"},\"image\":{\"@id\":\"https:\\\/\\\/gbplace.co\\\/it\\\/ospitalita\\\/#primaryimage\"},\"thumbnailUrl\":\"https:\\\/\\\/gbplace.co\\\/wp-content\\\/uploads\\\/2025\\\/06\\\/cropped-GBP_U_Social-300x300.png\",\"datePublished\":\"2025-05-25T19:35:41+00:00\",\"dateModified\":\"2025-07-22T16:26:51+00:00\",\"description\":\"Offriamo servizi di ospitalit\u00e0 e gestione location per la tua propriet\u00e0. Creiamo esperienze e strategie di booking.\",\"breadcrumb\":{\"@id\":\"https:\\\/\\\/gbplace.co\\\/it\\\/ospitalita\\\/#breadcrumb\"},\"inLanguage\":\"it-IT\",\"potentialAction\":[{\"@type\":\"ReadAction\",\"target\":[\"https:\\\/\\\/gbplace.co\\\/it\\\/ospitalita\\\/\"]}]},{\"@type\":\"ImageObject\",\"inLanguage\":\"it-IT\",\"@id\":\"https:\\\/\\\/gbplace.co\\\/it\\\/ospitalita\\\/#primaryimage\",\"url\":\"https:\\\/\\\/gbplace.co\\\/wp-content\\\/uploads\\\/2025\\\/06\\\/cropped-GBP_U_Social-300x300.png\",\"contentUrl\":\"https:\\\/\\\/gbplace.co\\\/wp-content\\\/uploads\\\/2025\\\/06\\\/cropped-GBP_U_Social-300x300.png\"},{\"@type\":\"BreadcrumbList\",\"@id\":\"https:\\\/\\\/gbplace.co\\\/it\\\/ospitalita\\\/#breadcrumb\",\"itemListElement\":[{\"@type\":\"ListItem\",\"position\":1,\"name\":\"Home\",\"item\":\"https:\\\/\\\/gbplace.co\\\/it\\\/\"},{\"@type\":\"ListItem\",\"position\":2,\"name\":\"Ospitalita&#8217;\"}]},{\"@type\":\"WebSite\",\"@id\":\"https:\\\/\\\/gbplace.co\\\/it\\\/#website\",\"url\":\"https:\\\/\\\/gbplace.co\\\/it\\\/\",\"name\":\"GBPLACE - Creativity, Hospitality and Architecture\",\"description\":\"Creative Studio for Architecture, Hospitality &amp; Communication\",\"publisher\":{\"@id\":\"https:\\\/\\\/gbplace.co\\\/it\\\/#organization\"},\"potentialAction\":[{\"@type\":\"SearchAction\",\"target\":{\"@type\":\"EntryPoint\",\"urlTemplate\":\"https:\\\/\\\/gbplace.co\\\/it\\\/?s={search_term_string}\"},\"query-input\":{\"@type\":\"PropertyValueSpecification\",\"valueRequired\":true,\"valueName\":\"search_term_string\"}}],\"inLanguage\":\"it-IT\"},{\"@type\":\"Organization\",\"@id\":\"https:\\\/\\\/gbplace.co\\\/it\\\/#organization\",\"name\":\"GBPLACE\",\"url\":\"https:\\\/\\\/gbplace.co\\\/it\\\/\",\"logo\":{\"@type\":\"ImageObject\",\"inLanguage\":\"it-IT\",\"@id\":\"https:\\\/\\\/gbplace.co\\\/it\\\/#\\\/schema\\\/logo\\\/image\\\/\",\"url\":\"https:\\\/\\\/gbplace.co\\\/wp-content\\\/uploads\\\/2025\\\/04\\\/GBPLACEUNDERSCORE.svg\",\"contentUrl\":\"https:\\\/\\\/gbplace.co\\\/wp-content\\\/uploads\\\/2025\\\/04\\\/GBPLACEUNDERSCORE.svg\",\"width\":\"1024\",\"height\":\"1024\",\"caption\":\"GBPLACE\"},\"image\":{\"@id\":\"https:\\\/\\\/gbplace.co\\\/it\\\/#\\\/schema\\\/logo\\\/image\\\/\"},\"sameAs\":[\"https:\\\/\\\/www.facebook.com\\\/gbplacecorporation\",\"https:\\\/\\\/x.com\\\/GBPLACE_U\",\"https:\\\/\\\/www.instagram.com\\\/gb.place\\\/\"]}]}<\/script>\n<!-- \/ Yoast SEO plugin. -->","yoast_head_json":{"title":"Ospitalit\u00e0 & Gestione Location | Servizi per Proprietari | GBPLACE","description":"Offriamo servizi di ospitalit\u00e0 e gestione location per la tua propriet\u00e0. Creiamo esperienze e strategie di booking.","robots":{"index":"index","follow":"follow","max-snippet":"max-snippet:-1","max-image-preview":"max-image-preview:large","max-video-preview":"max-video-preview:-1"},"canonical":"https:\/\/gbplace.co\/it\/ospitalita\/","og_locale":"it_IT","og_type":"article","og_title":"Ospitalit\u00e0 & Gestione Location | Servizi per Proprietari | GBPLACE","og_description":"Offriamo servizi di ospitalit\u00e0 e gestione location per la tua propriet\u00e0. Creiamo esperienze e strategie di booking.","og_url":"https:\/\/gbplace.co\/it\/ospitalita\/","og_site_name":"GBPLACE - Creativity, Hospitality and Architecture","article_publisher":"https:\/\/www.facebook.com\/gbplacecorporation","article_modified_time":"2025-07-22T16:26:51+00:00","og_image":[{"width":512,"height":512,"url":"https:\/\/gbplace.co\/wp-content\/uploads\/2025\/06\/cropped-GBP_U_Social.png","type":"image\/png"}],"twitter_card":"summary_large_image","twitter_site":"@GBPLACE_U","twitter_misc":{"Tempo di lettura stimato":"3 minuti"},"schema":{"@context":"https:\/\/schema.org","@graph":[{"@type":"WebPage","@id":"https:\/\/gbplace.co\/it\/ospitalita\/","url":"https:\/\/gbplace.co\/it\/ospitalita\/","name":"Ospitalit\u00e0 & Gestione Location | Servizi per Proprietari | GBPLACE","isPartOf":{"@id":"https:\/\/gbplace.co\/it\/#website"},"primaryImageOfPage":{"@id":"https:\/\/gbplace.co\/it\/ospitalita\/#primaryimage"},"image":{"@id":"https:\/\/gbplace.co\/it\/ospitalita\/#primaryimage"},"thumbnailUrl":"https:\/\/gbplace.co\/wp-content\/uploads\/2025\/06\/cropped-GBP_U_Social-300x300.png","datePublished":"2025-05-25T19:35:41+00:00","dateModified":"2025-07-22T16:26:51+00:00","description":"Offriamo servizi di ospitalit\u00e0 e gestione location per la tua propriet\u00e0. Creiamo esperienze e strategie di booking.","breadcrumb":{"@id":"https:\/\/gbplace.co\/it\/ospitalita\/#breadcrumb"},"inLanguage":"it-IT","potentialAction":[{"@type":"ReadAction","target":["https:\/\/gbplace.co\/it\/ospitalita\/"]}]},{"@type":"ImageObject","inLanguage":"it-IT","@id":"https:\/\/gbplace.co\/it\/ospitalita\/#primaryimage","url":"https:\/\/gbplace.co\/wp-content\/uploads\/2025\/06\/cropped-GBP_U_Social-300x300.png","contentUrl":"https:\/\/gbplace.co\/wp-content\/uploads\/2025\/06\/cropped-GBP_U_Social-300x300.png"},{"@type":"BreadcrumbList","@id":"https:\/\/gbplace.co\/it\/ospitalita\/#breadcrumb","itemListElement":[{"@type":"ListItem","position":1,"name":"Home","item":"https:\/\/gbplace.co\/it\/"},{"@type":"ListItem","position":2,"name":"Ospitalita&#8217;"}]},{"@type":"WebSite","@id":"https:\/\/gbplace.co\/it\/#website","url":"https:\/\/gbplace.co\/it\/","name":"GBPLACE - Creativity, Hospitality and Architecture","description":"Creative Studio for Architecture, Hospitality &amp; Communication","publisher":{"@id":"https:\/\/gbplace.co\/it\/#organization"},"potentialAction":[{"@type":"SearchAction","target":{"@type":"EntryPoint","urlTemplate":"https:\/\/gbplace.co\/it\/?s={search_term_string}"},"query-input":{"@type":"PropertyValueSpecification","valueRequired":true,"valueName":"search_term_string"}}],"inLanguage":"it-IT"},{"@type":"Organization","@id":"https:\/\/gbplace.co\/it\/#organization","name":"GBPLACE","url":"https:\/\/gbplace.co\/it\/","logo":{"@type":"ImageObject","inLanguage":"it-IT","@id":"https:\/\/gbplace.co\/it\/#\/schema\/logo\/image\/","url":"https:\/\/gbplace.co\/wp-content\/uploads\/2025\/04\/GBPLACEUNDERSCORE.svg","contentUrl":"https:\/\/gbplace.co\/wp-content\/uploads\/2025\/04\/GBPLACEUNDERSCORE.svg","width":"1024","height":"1024","caption":"GBPLACE"},"image":{"@id":"https:\/\/gbplace.co\/it\/#\/schema\/logo\/image\/"},"sameAs":["https:\/\/www.facebook.com\/gbplacecorporation","https:\/\/x.com\/GBPLACE_U","https:\/\/www.instagram.com\/gb.place\/"]}]}},"_links":{"self":[{"href":"https:\/\/gbplace.co\/it\/wp-json\/wp\/v2\/pages\/3297","targetHints":{"allow":["GET"]}}],"collection":[{"href":"https:\/\/gbplace.co\/it\/wp-json\/wp\/v2\/pages"}],"about":[{"href":"https:\/\/gbplace.co\/it\/wp-json\/wp\/v2\/types\/page"}],"author":[{"embeddable":true,"href":"https:\/\/gbplace.co\/it\/wp-json\/wp\/v2\/users\/1"}],"replies":[{"embeddable":true,"href":"https:\/\/gbplace.co\/it\/wp-json\/wp\/v2\/comments?post=3297"}],"version-history":[{"count":5,"href":"https:\/\/gbplace.co\/it\/wp-json\/wp\/v2\/pages\/3297\/revisions"}],"predecessor-version":[{"id":4317,"href":"https:\/\/gbplace.co\/it\/wp-json\/wp\/v2\/pages\/3297\/revisions\/4317"}],"wp:attachment":[{"href":"https:\/\/gbplace.co\/it\/wp-json\/wp\/v2\/media?parent=3297"}],"wp:term":[{"taxonomy":"difl_page_category","embeddable":true,"href":"https:\/\/gbplace.co\/it\/wp-json\/wp\/v2\/difl_page_category?post=3297"}],"curies":[{"name":"wp","href":"https:\/\/api.w.org\/{rel}","templated":true}]}}