{"id":3265,"date":"2025-06-03T20:42:19","date_gmt":"2025-06-03T20:42:19","guid":{"rendered":"https:\/\/gbplace.co\/pagina-iniziale\/"},"modified":"2025-07-18T15:32:08","modified_gmt":"2025-07-18T15:32:08","slug":"pagina-iniziale","status":"publish","type":"page","link":"https:\/\/gbplace.co\/it\/","title":{"rendered":"Pagina iniziale"},"content":{"rendered":"<p>Studio creativo.<\/p>\n<h1>Studio Creativo | Design &amp; Comunicazione<\/h1>\n<p>In un mondo iperconnesso, distinguersi richiede pi\u00f9 di un semplice messaggio. <b>Infatti,<\/b> richiede un&#8217;esperienza. Noi di <a href=\"https:\/\/gbplace.co\/it\/dal-loft-al-marchio\/\">GBPLACE<\/a> fondiamo <a href=\"https:\/\/wetooo.it\" target=\"_blank\" rel=\"noopener\">creativit\u00e0<\/a>, ospitalit\u00e0 e design per creare narrazioni autentiche e di forte impatto.<br \/>\nSiamo uno <b>studio creativo <\/b>\u00a0e operiamo all&#8217;intersezione tra comunicazione strategica e design su misura. Il nostro lavoro, <b>inoltre,<\/b> si basa su due pilastri fondamentali, ognuno progettato per creare un valore duraturo per i nostri clienti.<\/p>\n<h3><strong>Strategia di Brand dal Nostro Studio Creativo<\/strong><\/h3>\n<p>Ci proponiamo come un&#8217;agenzia dedicata a costruire identit\u00e0 di marca potenti e durature. Il nostro processo, <b>per prima cosa,<\/b> inizia con un&#8217;immersione profonda nell&#8217;essenza del tuo brand. <b>Questo ci permette<\/b> di sviluppare strategie complete che parlino direttamente al tuo pubblico di riferimento. Creiamo identit\u00e0 visive uniche e gestiamo le relazioni pubbliche per costruire autorevolezza. <b>In pi\u00f9,<\/b> produciamo contenuti digitali efficaci. Dalle campagne social allo storytelling pi\u00f9 sofisticato, ci assicuriamo che il tuo messaggio sia sempre autentico e mirato. I nostri workshop collaborativi, <b>infine,<\/b> garantiscono che ogni strategia sia perfettamente allineata alla tua visione. Non costruiamo solo marchi; creiamo partnership per una crescita a lungo termine.<\/p>\n<h3><b>Hospitality Design &amp; Management<\/b><\/h3>\n<p>Trasformiamo propriet\u00e0 uniche in destinazioni ricercate e memorabili. Questo va oltre il semplice interior design; si tratta di creare un viaggio sensoriale completo per i tuoi ospiti. <b>Per questo,<\/b> ci concentriamo su ogni dettaglio, dal design dei servizi al flusso operativo, fino agli aspetti estetici pi\u00f9 raffinati, per creare soggiorni indimenticabili. Il nostro obiettivo \u00e8 migliorare la percezione del marchio, aumentare le prenotazioni dirette e trasformare i visitatori in fedeli sostenitori. <b>Crediamo infatti<\/b> che un design eccezionale debba essere sorprendente e raccontare una storia, integrando la funzione con la bellezza per creare un valore che duri nel tempo.<\/p>\n<p>Il viaggio ci ispira. La creativit\u00e0 d\u00e0 forma alla nostra visione. Il design eleva il risultato.<\/p>\n<p>Esplora i nostri servizi e scopri come il nostro <b>studio creativo a Milano<\/b> pu\u00f2 dare vita alla tua visione.<\/p>\n<p><img loading=\"lazy\" decoding=\"async\" class=\"alignnone wp-image-2189 size-medium\" src=\"https:\/\/gbplace.co\/wp-content\/uploads\/2025\/06\/cropped-GBP_U_Social-300x300.png\" alt=\"GBPLACE UNDERSCORE Studio creativo\" width=\"300\" height=\"300\" \/><\/p>\n","protected":false},"excerpt":{"rendered":"<p>Studio creativo. Studio Creativo | Design &amp; Comunicazione In un mondo iperconnesso, distinguersi richiede pi\u00f9 di un semplice messaggio. Infatti, richiede un&#8217;esperienza. Noi di GBPLACE fondiamo creativit\u00e0, ospitalit\u00e0 e design per creare narrazioni autentiche e di forte impatto. Siamo uno studio creativo \u00a0e operiamo all&#8217;intersezione tra comunicazione strategica e design su misura. Il nostro lavoro, [&hellip;]<\/p>\n","protected":false},"author":1,"featured_media":0,"parent":0,"menu_order":31,"comment_status":"closed","ping_status":"closed","template":"","meta":{"inline_featured_image":false,"footnotes":""},"difl_page_category":[],"class_list":["post-3265","page","type-page","status-publish","hentry"],"yoast_head":"<!-- This site is optimized with the Yoast SEO plugin v27.3 - https:\/\/yoast.com\/product\/yoast-seo-wordpress\/ -->\n<title>Studio Creativo | Design, Comunicazione &amp; Ospitalit\u00e0 | GBPLACE<\/title>\n<meta name=\"description\" content=\"GBplace \u00e8 uno studio creativo specializzato in design, comunicazione e ospitalit\u00e0. Creiamo strategie di brand uniche ed esperienze memorabili.\" \/>\n<meta name=\"robots\" content=\"index, follow, max-snippet:-1, max-image-preview:large, max-video-preview:-1\" \/>\n<link rel=\"canonical\" href=\"https:\/\/gbplace.co\/it\/\" \/>\n<meta property=\"og:locale\" content=\"it_IT\" \/>\n<meta property=\"og:type\" content=\"article\" \/>\n<meta property=\"og:title\" content=\"Studio Creativo | Design, Comunicazione &amp; Ospitalit\u00e0 | GBPLACE\" \/>\n<meta property=\"og:description\" content=\"GBplace \u00e8 uno studio creativo specializzato in design, comunicazione e ospitalit\u00e0. Creiamo strategie di brand uniche ed esperienze memorabili.\" \/>\n<meta property=\"og:url\" content=\"https:\/\/gbplace.co\/it\/\" \/>\n<meta property=\"og:site_name\" content=\"GBPLACE - Creativity, Hospitality and Architecture\" \/>\n<meta property=\"article:publisher\" content=\"https:\/\/www.facebook.com\/gbplacecorporation\" \/>\n<meta property=\"article:modified_time\" content=\"2025-07-18T15:32:08+00:00\" \/>\n<meta property=\"og:image\" content=\"https:\/\/gbplace.co\/wp-content\/uploads\/2025\/06\/cropped-GBP_U_Social.png\" \/>\n\t<meta property=\"og:image:width\" content=\"512\" \/>\n\t<meta property=\"og:image:height\" content=\"512\" \/>\n\t<meta property=\"og:image:type\" content=\"image\/png\" \/>\n<meta name=\"twitter:card\" content=\"summary_large_image\" \/>\n<meta name=\"twitter:site\" content=\"@GBPLACE_U\" \/>\n<meta name=\"twitter:label1\" content=\"Tempo di lettura stimato\" \/>\n\t<meta name=\"twitter:data1\" content=\"2 minuti\" \/>\n<script type=\"application\/ld+json\" class=\"yoast-schema-graph\">{\"@context\":\"https:\\\/\\\/schema.org\",\"@graph\":[{\"@type\":\"WebPage\",\"@id\":\"https:\\\/\\\/gbplace.co\\\/it\\\/\",\"url\":\"https:\\\/\\\/gbplace.co\\\/it\\\/\",\"name\":\"Studio Creativo | Design, Comunicazione & Ospitalit\u00e0 | GBPLACE\",\"isPartOf\":{\"@id\":\"https:\\\/\\\/gbplace.co\\\/it\\\/#website\"},\"primaryImageOfPage\":{\"@id\":\"https:\\\/\\\/gbplace.co\\\/it\\\/#primaryimage\"},\"image\":{\"@id\":\"https:\\\/\\\/gbplace.co\\\/it\\\/#primaryimage\"},\"thumbnailUrl\":\"https:\\\/\\\/gbplace.co\\\/wp-content\\\/uploads\\\/2025\\\/06\\\/cropped-GBP_U_Social-300x300.png\",\"datePublished\":\"2025-06-03T20:42:19+00:00\",\"dateModified\":\"2025-07-18T15:32:08+00:00\",\"description\":\"GBplace \u00e8 uno studio creativo specializzato in design, comunicazione e ospitalit\u00e0. Creiamo strategie di brand uniche ed esperienze memorabili.\",\"breadcrumb\":{\"@id\":\"https:\\\/\\\/gbplace.co\\\/it\\\/#breadcrumb\"},\"inLanguage\":\"it-IT\",\"potentialAction\":[{\"@type\":\"ReadAction\",\"target\":[\"https:\\\/\\\/gbplace.co\\\/it\\\/\"]}]},{\"@type\":\"ImageObject\",\"inLanguage\":\"it-IT\",\"@id\":\"https:\\\/\\\/gbplace.co\\\/it\\\/#primaryimage\",\"url\":\"https:\\\/\\\/gbplace.co\\\/wp-content\\\/uploads\\\/2025\\\/06\\\/cropped-GBP_U_Social-300x300.png\",\"contentUrl\":\"https:\\\/\\\/gbplace.co\\\/wp-content\\\/uploads\\\/2025\\\/06\\\/cropped-GBP_U_Social-300x300.png\"},{\"@type\":\"BreadcrumbList\",\"@id\":\"https:\\\/\\\/gbplace.co\\\/it\\\/#breadcrumb\",\"itemListElement\":[{\"@type\":\"ListItem\",\"position\":1,\"name\":\"Home\",\"item\":\"https:\\\/\\\/gbplace.co\\\/it\\\/\"},{\"@type\":\"ListItem\",\"position\":2,\"name\":\"Pagina iniziale\"}]},{\"@type\":\"WebSite\",\"@id\":\"https:\\\/\\\/gbplace.co\\\/it\\\/#website\",\"url\":\"https:\\\/\\\/gbplace.co\\\/it\\\/\",\"name\":\"GBPLACE - Creativity, Hospitality and Architecture\",\"description\":\"Creative Studio for Architecture, Hospitality &amp; Communication\",\"publisher\":{\"@id\":\"https:\\\/\\\/gbplace.co\\\/it\\\/#organization\"},\"potentialAction\":[{\"@type\":\"SearchAction\",\"target\":{\"@type\":\"EntryPoint\",\"urlTemplate\":\"https:\\\/\\\/gbplace.co\\\/it\\\/?s={search_term_string}\"},\"query-input\":{\"@type\":\"PropertyValueSpecification\",\"valueRequired\":true,\"valueName\":\"search_term_string\"}}],\"inLanguage\":\"it-IT\"},{\"@type\":\"Organization\",\"@id\":\"https:\\\/\\\/gbplace.co\\\/it\\\/#organization\",\"name\":\"GBPLACE\",\"url\":\"https:\\\/\\\/gbplace.co\\\/it\\\/\",\"logo\":{\"@type\":\"ImageObject\",\"inLanguage\":\"it-IT\",\"@id\":\"https:\\\/\\\/gbplace.co\\\/it\\\/#\\\/schema\\\/logo\\\/image\\\/\",\"url\":\"https:\\\/\\\/gbplace.co\\\/wp-content\\\/uploads\\\/2025\\\/04\\\/GBPLACEUNDERSCORE.svg\",\"contentUrl\":\"https:\\\/\\\/gbplace.co\\\/wp-content\\\/uploads\\\/2025\\\/04\\\/GBPLACEUNDERSCORE.svg\",\"width\":\"1024\",\"height\":\"1024\",\"caption\":\"GBPLACE\"},\"image\":{\"@id\":\"https:\\\/\\\/gbplace.co\\\/it\\\/#\\\/schema\\\/logo\\\/image\\\/\"},\"sameAs\":[\"https:\\\/\\\/www.facebook.com\\\/gbplacecorporation\",\"https:\\\/\\\/x.com\\\/GBPLACE_U\",\"https:\\\/\\\/www.instagram.com\\\/gb.place\\\/\"]}]}<\/script>\n<!-- \/ Yoast SEO plugin. -->","yoast_head_json":{"title":"Studio Creativo | Design, Comunicazione & Ospitalit\u00e0 | GBPLACE","description":"GBplace \u00e8 uno studio creativo specializzato in design, comunicazione e ospitalit\u00e0. Creiamo strategie di brand uniche ed esperienze memorabili.","robots":{"index":"index","follow":"follow","max-snippet":"max-snippet:-1","max-image-preview":"max-image-preview:large","max-video-preview":"max-video-preview:-1"},"canonical":"https:\/\/gbplace.co\/it\/","og_locale":"it_IT","og_type":"article","og_title":"Studio Creativo | Design, Comunicazione & Ospitalit\u00e0 | GBPLACE","og_description":"GBplace \u00e8 uno studio creativo specializzato in design, comunicazione e ospitalit\u00e0. Creiamo strategie di brand uniche ed esperienze memorabili.","og_url":"https:\/\/gbplace.co\/it\/","og_site_name":"GBPLACE - Creativity, Hospitality and Architecture","article_publisher":"https:\/\/www.facebook.com\/gbplacecorporation","article_modified_time":"2025-07-18T15:32:08+00:00","og_image":[{"width":512,"height":512,"url":"https:\/\/gbplace.co\/wp-content\/uploads\/2025\/06\/cropped-GBP_U_Social.png","type":"image\/png"}],"twitter_card":"summary_large_image","twitter_site":"@GBPLACE_U","twitter_misc":{"Tempo di lettura stimato":"2 minuti"},"schema":{"@context":"https:\/\/schema.org","@graph":[{"@type":"WebPage","@id":"https:\/\/gbplace.co\/it\/","url":"https:\/\/gbplace.co\/it\/","name":"Studio Creativo | Design, Comunicazione & Ospitalit\u00e0 | GBPLACE","isPartOf":{"@id":"https:\/\/gbplace.co\/it\/#website"},"primaryImageOfPage":{"@id":"https:\/\/gbplace.co\/it\/#primaryimage"},"image":{"@id":"https:\/\/gbplace.co\/it\/#primaryimage"},"thumbnailUrl":"https:\/\/gbplace.co\/wp-content\/uploads\/2025\/06\/cropped-GBP_U_Social-300x300.png","datePublished":"2025-06-03T20:42:19+00:00","dateModified":"2025-07-18T15:32:08+00:00","description":"GBplace \u00e8 uno studio creativo specializzato in design, comunicazione e ospitalit\u00e0. Creiamo strategie di brand uniche ed esperienze memorabili.","breadcrumb":{"@id":"https:\/\/gbplace.co\/it\/#breadcrumb"},"inLanguage":"it-IT","potentialAction":[{"@type":"ReadAction","target":["https:\/\/gbplace.co\/it\/"]}]},{"@type":"ImageObject","inLanguage":"it-IT","@id":"https:\/\/gbplace.co\/it\/#primaryimage","url":"https:\/\/gbplace.co\/wp-content\/uploads\/2025\/06\/cropped-GBP_U_Social-300x300.png","contentUrl":"https:\/\/gbplace.co\/wp-content\/uploads\/2025\/06\/cropped-GBP_U_Social-300x300.png"},{"@type":"BreadcrumbList","@id":"https:\/\/gbplace.co\/it\/#breadcrumb","itemListElement":[{"@type":"ListItem","position":1,"name":"Home","item":"https:\/\/gbplace.co\/it\/"},{"@type":"ListItem","position":2,"name":"Pagina iniziale"}]},{"@type":"WebSite","@id":"https:\/\/gbplace.co\/it\/#website","url":"https:\/\/gbplace.co\/it\/","name":"GBPLACE - Creativity, Hospitality and Architecture","description":"Creative Studio for Architecture, Hospitality &amp; Communication","publisher":{"@id":"https:\/\/gbplace.co\/it\/#organization"},"potentialAction":[{"@type":"SearchAction","target":{"@type":"EntryPoint","urlTemplate":"https:\/\/gbplace.co\/it\/?s={search_term_string}"},"query-input":{"@type":"PropertyValueSpecification","valueRequired":true,"valueName":"search_term_string"}}],"inLanguage":"it-IT"},{"@type":"Organization","@id":"https:\/\/gbplace.co\/it\/#organization","name":"GBPLACE","url":"https:\/\/gbplace.co\/it\/","logo":{"@type":"ImageObject","inLanguage":"it-IT","@id":"https:\/\/gbplace.co\/it\/#\/schema\/logo\/image\/","url":"https:\/\/gbplace.co\/wp-content\/uploads\/2025\/04\/GBPLACEUNDERSCORE.svg","contentUrl":"https:\/\/gbplace.co\/wp-content\/uploads\/2025\/04\/GBPLACEUNDERSCORE.svg","width":"1024","height":"1024","caption":"GBPLACE"},"image":{"@id":"https:\/\/gbplace.co\/it\/#\/schema\/logo\/image\/"},"sameAs":["https:\/\/www.facebook.com\/gbplacecorporation","https:\/\/x.com\/GBPLACE_U","https:\/\/www.instagram.com\/gb.place\/"]}]}},"_links":{"self":[{"href":"https:\/\/gbplace.co\/it\/wp-json\/wp\/v2\/pages\/3265","targetHints":{"allow":["GET"]}}],"collection":[{"href":"https:\/\/gbplace.co\/it\/wp-json\/wp\/v2\/pages"}],"about":[{"href":"https:\/\/gbplace.co\/it\/wp-json\/wp\/v2\/types\/page"}],"author":[{"embeddable":true,"href":"https:\/\/gbplace.co\/it\/wp-json\/wp\/v2\/users\/1"}],"replies":[{"embeddable":true,"href":"https:\/\/gbplace.co\/it\/wp-json\/wp\/v2\/comments?post=3265"}],"version-history":[{"count":3,"href":"https:\/\/gbplace.co\/it\/wp-json\/wp\/v2\/pages\/3265\/revisions"}],"predecessor-version":[{"id":3988,"href":"https:\/\/gbplace.co\/it\/wp-json\/wp\/v2\/pages\/3265\/revisions\/3988"}],"wp:attachment":[{"href":"https:\/\/gbplace.co\/it\/wp-json\/wp\/v2\/media?parent=3265"}],"wp:term":[{"taxonomy":"difl_page_category","embeddable":true,"href":"https:\/\/gbplace.co\/it\/wp-json\/wp\/v2\/difl_page_category?post=3265"}],"curies":[{"name":"wp","href":"https:\/\/api.w.org\/{rel}","templated":true}]}}